{"id":10,"date":"2021-10-22T10:08:21","date_gmt":"2021-10-22T08:08:21","guid":{"rendered":"https:\/\/gailhac.org?page_id=10"},"modified":"2022-02-02T08:51:26","modified_gmt":"2022-02-02T07:51:26","slug":"histoire-de-l-association-jean-gailhac","status":"publish","type":"page","link":"https:\/\/gailhac.org\/index.php\/histoire-de-l-association-jean-gailhac\/","title":{"rendered":"L&rsquo;histoire de l&rsquo;association"},"content":{"rendered":"\n<div class=\"wp-block-ctl-instant-timeline\"><div class=\"ctl-instant-timeline block-1635426784078  both-sided\" style=\"--timeLineColor:#00a0e5;--textColor:#162521;--titleSize:25px;--descriptionSize:14px;--timeSize:43px\"><div class=\"timeline-content\"><div class=\"ctl-row\"><div class=\"ctl-col-6\"><div class=\"story-time\"><div style=\"color:#162521;font-size:43px\">1802<\/div><\/div><\/div><div class=\"ctl-col-6\"><div class=\"story-details\"><div class=\"story-image\"><img decoding=\"async\" src=\"https:\/\/gailhac.org\/wp-content\/uploads\/2022\/02\/jean-gailhac2.jpg\" alt=\"\"\/><\/div><h3 style=\"color:#162521;font-size:25px;line-height:33.5px\">JEAN GAILHAC<\/h3><p style=\"color:#162521;font-size:14px;line-height:24.22px\">Pr\u00eatre, n\u00e9 \u00e0 B\u00e9ziers en 1802, y fonde, dans un premier temps, un refuge pour des prostitu\u00e9es et des filles m\u00e8res. Dans un deuxi\u00e8me temps, en 1834, il cr\u00e9e l\u2019orphelinat du Bon Pasteur.<br><a href=\"https:\/\/fr.wikipedia.org\/wiki\/Jean_Gailhac\">En savoir plus sur Jean Gailhac<\/a><\/p><\/div><\/div><\/div><\/div><div class=\"timeline-content\"><div class=\"ctl-row\"><div class=\"ctl-col-6\"><div class=\"story-details\"><div class=\"story-image\"><img decoding=\"async\" src=\"https:\/\/gailhac.org\/wp-content\/uploads\/2021\/10\/logo_approved.jpg\" alt=\"\"\/><\/div><h3 style=\"color:#162521;font-size:25px;line-height:33.5px\">Congr\u00e9gation<\/h3><p style=\"color:#162521;font-size:14px;line-height:24.22px\">Il confiera \u00e0 la congr\u00e9gation des Religieuses du Sacr\u00e9-C\u0153ur de Marie, fond\u00e9e par ses soins en 1849. La congr\u00e9gation fut reconnue d\u2019utilit\u00e9 publique pour son action en faveur de cette derni\u00e8re \u0153uvre.<\/p><\/div><\/div><div class=\"ctl-col-6\"><div class=\"story-time\"><div style=\"color:#162521;font-size:43px\">1849<\/div><\/div><\/div><\/div><\/div><div class=\"timeline-content\"><div class=\"ctl-row\"><div class=\"ctl-col-6\"><div class=\"story-time\"><div style=\"color:#162521;font-size:43px\">29 ao\u00fbt 1966<\/div><\/div><\/div><div class=\"ctl-col-6\"><div class=\"story-details\"><div class=\"story-image\"><\/div><h3 style=\"color:#162521;font-size:25px;line-height:33.5px\">Association<\/h3><p style=\"color:#162521;font-size:14px;line-height:24.22px\">L\u2019association du Sacr\u00e9-C\u0153ur de Marie, loi 1901,\u00a0fut cr\u00e9\u00e9e par la congr\u00e9gation pour g\u00e9rer l\u2019orphelinat du Sacr\u00e9-C\u0153ur de Marie (ex. : Bon Pasteur).<\/p><\/div><\/div><\/div><\/div><div class=\"timeline-content\"><div class=\"ctl-row\"><div class=\"ctl-col-6\"><div class=\"story-details\"><div class=\"story-image\"><img decoding=\"async\" src=\"https:\/\/gailhac.org\/wp-content\/uploads\/2021\/12\/rond-point-scaled.jpg\" alt=\"\"\/><\/div><h3 style=\"color:#162521;font-size:25px;line-height:33.5px\">Habilitation<\/h3><p style=\"color:#162521;font-size:14px;line-height:24.22px\">la DDASS de l\u2019H\u00e9rault habilite l\u2019orphelinat qui devient une Maison d\u2019Enfants \u00e0 Caract\u00e8re Social (MECS), pour 48 places en internat. <br><a href=\"https:\/\/gailhac.orgindex.php\/hebergement\/(ouvre un nouvel onglet)\">Voir la page du p\u00f4le h\u00e9bergement<\/a><\/p><\/div><\/div><div class=\"ctl-col-6\"><div class=\"story-time\"><div style=\"color:#162521;font-size:43px\">14 Janvier 1971<\/div><\/div><\/div><\/div><\/div><div class=\"timeline-content\"><div class=\"ctl-row\"><div class=\"ctl-col-6\"><div class=\"story-time\"><div style=\"color:#162521;font-size:43px\">26 septembre 1990<\/div><\/div><\/div><div class=\"ctl-col-6\"><div class=\"story-details\"><div class=\"story-image\"><\/div><h3 style=\"color:#162521;font-size:25px;line-height:33.5px\">Changement de nom<\/h3><p style=\"color:#162521;font-size:14px;line-height:24.22px\">\u00ab l\u2019Association Sacr\u00e9- C\u0153ur de Marie \u00bb\u00a0prend le nom du P\u00e8re fondateur et devient \u00ab Association JEAN GAILHAC \u00bb.<\/p><\/div><\/div><\/div><\/div><div class=\"timeline-content\"><div class=\"ctl-row\"><div class=\"ctl-col-6\"><div class=\"story-details\"><div class=\"story-image\"><\/div><h3 style=\"color:#162521;font-size:25px;line-height:33.5px\">Conformit\u00e9<\/h3><p style=\"color:#162521;font-size:14px;line-height:24.22px\">L&rsquo;association JEAN GAILHAC s\u2019est mis en conformit\u00e9 avec la loi n\u00b0 2002-2 pour obtenir des autorisations de fonctionnement  apr\u00e8s le passage en CROSMS du 22 octobre 2007.<\/p><\/div><\/div><div class=\"ctl-col-6\"><div class=\"story-time\"><div style=\"color:#162521;font-size:43px\">13 mars 2008<\/div><\/div><\/div><\/div><\/div><div class=\"timeline-content\"><div class=\"ctl-row\"><div class=\"ctl-col-6\"><div class=\"story-time\"><div style=\"color:#162521;font-size:43px\">10 novembre 2010<\/div><\/div><\/div><div class=\"ctl-col-6\"><div class=\"story-details\"><div class=\"story-image\"><img decoding=\"async\" src=\"https:\/\/gailhac.org\/wp-content\/uploads\/2021\/12\/services.png\" alt=\"\"\/><\/div><h3 style=\"color:#162521;font-size:25px;line-height:33.5px\">P\u00f4les d&rsquo;activit\u00e9s<\/h3><p style=\"color:#162521;font-size:14px;line-height:24.22px\">Un nouveau passage en CROSMS est intervenu pour amener l\u2019Association \u00e0 se doter de 3 p\u00f4les d\u2019activit\u00e9. Les autorisations ainsi d\u00e9livr\u00e9es s\u2019\u00e9tablissent pour une dur\u00e9e de 15 ans.<br><a href=\"https:\/\/gailhac.orgindex.php\/les-services\/(ouvre un nouvel onglet)\">Voir la page des services<\/a><\/p><\/div><\/div><\/div><\/div><\/div><\/div>\n","protected":false},"excerpt":{"rendered":"","protected":false},"author":1,"featured_media":0,"parent":0,"menu_order":0,"comment_status":"closed","ping_status":"closed","template":"","meta":{"ngg_post_thumbnail":0,"footnotes":""},"class_list":["post-10","page","type-page","status-publish","hentry"],"yoast_head":"<!-- This site is optimized with the Yoast SEO plugin v18.8 - https:\/\/yoast.com\/wordpress\/plugins\/seo\/ -->\n<title>L&#039;histoire de l&#039;association Jean Gailhac - Association Jean Gailhac<\/title>\n<meta name=\"description\" content=\"L&#039;association Jean Gailhac poss\u00e8de une tr\u00e8s longue histoire. Pour la d\u00e9couvrir et la comprendre n&#039;h\u00e9sitez pas \u00e0 consulter notre site.\" \/>\n<meta name=\"robots\" content=\"index, follow, max-snippet:-1, max-image-preview:large, max-video-preview:-1\" \/>\n<link rel=\"canonical\" href=\"https:\/\/gailhac.org\/index.php\/histoire-de-l-association-jean-gailhac\/\" \/>\n<meta property=\"og:locale\" content=\"fr_FR\" \/>\n<meta property=\"og:type\" content=\"article\" \/>\n<meta property=\"og:title\" content=\"L&#039;histoire de l&#039;association Jean Gailhac - Association Jean Gailhac\" \/>\n<meta property=\"og:description\" content=\"L&#039;association Jean Gailhac poss\u00e8de une tr\u00e8s longue histoire. Pour la d\u00e9couvrir et la comprendre n&#039;h\u00e9sitez pas \u00e0 consulter notre site.\" \/>\n<meta property=\"og:url\" content=\"https:\/\/gailhac.org\/index.php\/histoire-de-l-association-jean-gailhac\/\" \/>\n<meta property=\"og:site_name\" content=\"Association Jean Gailhac\" \/>\n<meta property=\"article:modified_time\" content=\"2022-02-02T07:51:26+00:00\" \/>\n<meta property=\"og:image\" content=\"https:\/\/gailhac.org\/wp-content\/uploads\/2022\/02\/jean-gailhac2.jpg\" \/>\n<meta name=\"twitter:card\" content=\"summary_large_image\" \/>\n<meta name=\"twitter:label1\" content=\"Dur\u00e9e de lecture estim\u00e9e\" \/>\n\t<meta name=\"twitter:data1\" content=\"2 minutes\" \/>\n<script type=\"application\/ld+json\" class=\"yoast-schema-graph\">{\"@context\":\"https:\/\/schema.org\",\"@graph\":[{\"@type\":\"WebSite\",\"@id\":\"https:\/\/gailhac.org\/#website\",\"url\":\"https:\/\/gailhac.org\/\",\"name\":\"Association Jean Gailhac\",\"description\":\"\",\"potentialAction\":[{\"@type\":\"SearchAction\",\"target\":{\"@type\":\"EntryPoint\",\"urlTemplate\":\"https:\/\/gailhac.org\/?s={search_term_string}\"},\"query-input\":\"required name=search_term_string\"}],\"inLanguage\":\"fr-FR\"},{\"@type\":\"ImageObject\",\"inLanguage\":\"fr-FR\",\"@id\":\"https:\/\/gailhac.org\/index.php\/histoire-de-l-association-jean-gailhac\/#primaryimage\",\"url\":\"https:\/\/gailhac.org\/wp-content\/uploads\/2022\/02\/jean-gailhac2.jpg\",\"contentUrl\":\"https:\/\/gailhac.org\/wp-content\/uploads\/2022\/02\/jean-gailhac2.jpg\",\"width\":112,\"height\":157},{\"@type\":\"WebPage\",\"@id\":\"https:\/\/gailhac.org\/index.php\/histoire-de-l-association-jean-gailhac\/#webpage\",\"url\":\"https:\/\/gailhac.org\/index.php\/histoire-de-l-association-jean-gailhac\/\",\"name\":\"L'histoire de l'association Jean Gailhac - Association Jean Gailhac\",\"isPartOf\":{\"@id\":\"https:\/\/gailhac.org\/#website\"},\"primaryImageOfPage\":{\"@id\":\"https:\/\/gailhac.org\/index.php\/histoire-de-l-association-jean-gailhac\/#primaryimage\"},\"datePublished\":\"2021-10-22T08:08:21+00:00\",\"dateModified\":\"2022-02-02T07:51:26+00:00\",\"description\":\"L'association Jean Gailhac poss\u00e8de une tr\u00e8s longue histoire. Pour la d\u00e9couvrir et la comprendre n'h\u00e9sitez pas \u00e0 consulter notre site.\",\"breadcrumb\":{\"@id\":\"https:\/\/gailhac.org\/index.php\/histoire-de-l-association-jean-gailhac\/#breadcrumb\"},\"inLanguage\":\"fr-FR\",\"potentialAction\":[{\"@type\":\"ReadAction\",\"target\":[\"https:\/\/gailhac.org\/index.php\/histoire-de-l-association-jean-gailhac\/\"]}]},{\"@type\":\"BreadcrumbList\",\"@id\":\"https:\/\/gailhac.org\/index.php\/histoire-de-l-association-jean-gailhac\/#breadcrumb\",\"itemListElement\":[{\"@type\":\"ListItem\",\"position\":1,\"name\":\"Accueil\",\"item\":\"https:\/\/gailhac.org\/\"},{\"@type\":\"ListItem\",\"position\":2,\"name\":\"L&rsquo;histoire de l&rsquo;association\"}]}]}<\/script>\n<!-- \/ Yoast SEO plugin. -->","yoast_head_json":{"title":"L'histoire de l'association Jean Gailhac - Association Jean Gailhac","description":"L'association Jean Gailhac poss\u00e8de une tr\u00e8s longue histoire. Pour la d\u00e9couvrir et la comprendre n'h\u00e9sitez pas \u00e0 consulter notre site.","robots":{"index":"index","follow":"follow","max-snippet":"max-snippet:-1","max-image-preview":"max-image-preview:large","max-video-preview":"max-video-preview:-1"},"canonical":"https:\/\/gailhac.org\/index.php\/histoire-de-l-association-jean-gailhac\/","og_locale":"fr_FR","og_type":"article","og_title":"L'histoire de l'association Jean Gailhac - Association Jean Gailhac","og_description":"L'association Jean Gailhac poss\u00e8de une tr\u00e8s longue histoire. Pour la d\u00e9couvrir et la comprendre n'h\u00e9sitez pas \u00e0 consulter notre site.","og_url":"https:\/\/gailhac.org\/index.php\/histoire-de-l-association-jean-gailhac\/","og_site_name":"Association Jean Gailhac","article_modified_time":"2022-02-02T07:51:26+00:00","og_image":[{"url":"https:\/\/gailhac.org\/wp-content\/uploads\/2022\/02\/jean-gailhac2.jpg"}],"twitter_card":"summary_large_image","twitter_misc":{"Dur\u00e9e de lecture estim\u00e9e":"2 minutes"},"schema":{"@context":"https:\/\/schema.org","@graph":[{"@type":"WebSite","@id":"https:\/\/gailhac.org\/#website","url":"https:\/\/gailhac.org\/","name":"Association Jean Gailhac","description":"","potentialAction":[{"@type":"SearchAction","target":{"@type":"EntryPoint","urlTemplate":"https:\/\/gailhac.org\/?s={search_term_string}"},"query-input":"required name=search_term_string"}],"inLanguage":"fr-FR"},{"@type":"ImageObject","inLanguage":"fr-FR","@id":"https:\/\/gailhac.org\/index.php\/histoire-de-l-association-jean-gailhac\/#primaryimage","url":"https:\/\/gailhac.org\/wp-content\/uploads\/2022\/02\/jean-gailhac2.jpg","contentUrl":"https:\/\/gailhac.org\/wp-content\/uploads\/2022\/02\/jean-gailhac2.jpg","width":112,"height":157},{"@type":"WebPage","@id":"https:\/\/gailhac.org\/index.php\/histoire-de-l-association-jean-gailhac\/#webpage","url":"https:\/\/gailhac.org\/index.php\/histoire-de-l-association-jean-gailhac\/","name":"L'histoire de l'association Jean Gailhac - Association Jean Gailhac","isPartOf":{"@id":"https:\/\/gailhac.org\/#website"},"primaryImageOfPage":{"@id":"https:\/\/gailhac.org\/index.php\/histoire-de-l-association-jean-gailhac\/#primaryimage"},"datePublished":"2021-10-22T08:08:21+00:00","dateModified":"2022-02-02T07:51:26+00:00","description":"L'association Jean Gailhac poss\u00e8de une tr\u00e8s longue histoire. Pour la d\u00e9couvrir et la comprendre n'h\u00e9sitez pas \u00e0 consulter notre site.","breadcrumb":{"@id":"https:\/\/gailhac.org\/index.php\/histoire-de-l-association-jean-gailhac\/#breadcrumb"},"inLanguage":"fr-FR","potentialAction":[{"@type":"ReadAction","target":["https:\/\/gailhac.org\/index.php\/histoire-de-l-association-jean-gailhac\/"]}]},{"@type":"BreadcrumbList","@id":"https:\/\/gailhac.org\/index.php\/histoire-de-l-association-jean-gailhac\/#breadcrumb","itemListElement":[{"@type":"ListItem","position":1,"name":"Accueil","item":"https:\/\/gailhac.org\/"},{"@type":"ListItem","position":2,"name":"L&rsquo;histoire de l&rsquo;association"}]}]}},"_links":{"self":[{"href":"https:\/\/gailhac.org\/index.php\/wp-json\/wp\/v2\/pages\/10","targetHints":{"allow":["GET"]}}],"collection":[{"href":"https:\/\/gailhac.org\/index.php\/wp-json\/wp\/v2\/pages"}],"about":[{"href":"https:\/\/gailhac.org\/index.php\/wp-json\/wp\/v2\/types\/page"}],"author":[{"embeddable":true,"href":"https:\/\/gailhac.org\/index.php\/wp-json\/wp\/v2\/users\/1"}],"replies":[{"embeddable":true,"href":"https:\/\/gailhac.org\/index.php\/wp-json\/wp\/v2\/comments?post=10"}],"version-history":[{"count":20,"href":"https:\/\/gailhac.org\/index.php\/wp-json\/wp\/v2\/pages\/10\/revisions"}],"predecessor-version":[{"id":1037,"href":"https:\/\/gailhac.org\/index.php\/wp-json\/wp\/v2\/pages\/10\/revisions\/1037"}],"wp:attachment":[{"href":"https:\/\/gailhac.org\/index.php\/wp-json\/wp\/v2\/media?parent=10"}],"curies":[{"name":"wp","href":"https:\/\/api.w.org\/{rel}","templated":true}]}}