{"id":188,"date":"2021-10-28T16:25:46","date_gmt":"2021-10-28T14:25:46","guid":{"rendered":"https:\/\/gailhac.org?page_id=188"},"modified":"2022-01-14T11:24:41","modified_gmt":"2022-01-14T10:24:41","slug":"accueil-de-jour-jean-gailhac","status":"publish","type":"page","link":"https:\/\/gailhac.org\/index.php\/accueil-de-jour-jean-gailhac\/","title":{"rendered":"Accueil de jour"},"content":{"rendered":"\n<p class=\"has-drop-cap has-headings-color has-text-color\">Ce projet de Services est le fruit d\u2019une r\u00e9flexion des \u00e9quipes du Service Educatif de Jour et de l\u2019ex-Groupe Relais de la Maison d\u2019Enfants. L&rsquo;association JEAN GAILHAC a ainsi d\u00e9m\u00e9nag\u00e9 dans les locaux du Service Educatif de Jour en septembre 2011 pour devenir Service d\u2019Accueil Relais (SAR). Quant au CREF il propose un accompagnement socio professionnel, qui s\u2019inscrit dans la prise en compte de la situation sociale de l\u2019usager. Le tout, en lien avec le travailleur social ext\u00e9rieur r\u00e9f\u00e9rent du Conseil D\u00e9partemental.<\/p>\n\n\n\n<div style=\"height:39px\" aria-hidden=\"true\" class=\"wp-block-spacer\"><\/div>\n\n\n\n<h2 class=\"has-text-align-center wp-block-heading\"><span style=\"text-decoration: underline;\">Les solutions :<\/span><\/h2>\n\n\n\n<div style=\"height:72px\" aria-hidden=\"true\" class=\"wp-block-spacer\"><\/div>\n\n\n\n<div class=\"wp-block-columns is-layout-flex wp-container-core-columns-is-layout-9d6595d7 wp-block-columns-is-layout-flex\">\n<div class=\"wp-block-column info_card services secondary_card accueil_jour is-layout-flow wp-block-column-is-layout-flow\">\n<h3 class=\"has-text-align-center wp-block-heading\">CREF<\/h3>\n\n\n\n<p class=\"has-text-align-center has-headings-color has-text-color\">(Centre de R\u00e9entra\u00eenement \u00e0 l&rsquo;Effort et de Formation)<\/p>\n\n\n\n<p class=\"has-headings-color has-text-color\"><span style=\"text-decoration: underline;\">58 places<\/span> d&rsquo;accompagnement permettant :<\/p>\n\n\n\n<ul class=\"has-headings-color has-text-color wp-block-list\"><li>La mise en situation de travail r\u00e9el<\/li><li>Le travail scolaire<\/li><li>La prise en charge \u00e9ducative<\/li><\/ul>\n\n\n\n<p class=\"has-text-align-center\"><a href=\"https:\/\/gailhac.org\/wp-content\/uploads\/2021\/11\/Projet_etablissement_jean_gailhac.pdf\"> Lien vers le document projet de service CREF<\/a><\/p>\n<\/div>\n\n\n\n<div class=\"wp-block-column info_card services secondary_card accueil_jour is-layout-flow wp-block-column-is-layout-flow\">\n<h3 class=\"has-text-align-center wp-block-heading\">SEJ<\/h3>\n\n\n\n<p class=\"has-text-align-center has-headings-color has-text-color\">(Service \u00c9ducatif de Jour)<\/p>\n\n\n\n<p class=\"has-headings-color has-text-color\">Implant\u00e9 sur 2 secteurs :<\/p>\n\n\n\n<ul class=\"has-headings-color has-text-color wp-block-list\"><li><span style=\"text-decoration: underline;\">8 places<\/span> sur B\u00e9darieux.<\/li><li><span style=\"text-decoration: underline;\">12 places<\/span>&nbsp;sur BEZIERS<\/li><\/ul>\n\n\n\n<p class=\"has-text-align-center\"><a href=\"https:\/\/gailhac.org\/wp-content\/uploads\/2021\/11\/Projet-SEJ-SAR.pdf\"> Lien vers le document projet de service SEJ <\/a><\/p>\n<\/div>\n\n\n\n<div class=\"wp-block-column info_card services secondary_card accueil_jour is-layout-flow wp-block-column-is-layout-flow\">\n<h3 class=\"has-text-align-center wp-block-heading\">SAR<\/h3>\n\n\n\n<p class=\"has-text-align-center has-headings-color has-text-color\">  (Service d&rsquo;Accueil Relai)  <\/p>\n\n\n\n<p class=\"has-headings-color has-text-color\"> Implant\u00e9 sur 2 secteurs  :<\/p>\n\n\n\n<ul class=\"has-headings-color has-text-color wp-block-list\"><li><span style=\"text-decoration: underline;\">4 places<\/span> sur B\u00e9darieux.<\/li><li><span style=\"text-decoration: underline;\">4 places<\/span>&nbsp;sur BEZIERS<\/li><\/ul>\n\n\n\n<p class=\"has-text-align-center\"><a href=\"https:\/\/gailhac.org\/wp-content\/uploads\/2021\/11\/Projet-SEJ-SAR.pdf\">Lien vers le document projet de service SAR<\/a><\/p>\n<\/div>\n<\/div>\n\n\n\n<div style=\"height:100px\" aria-hidden=\"true\" class=\"wp-block-spacer\"><\/div>\n\n\n\n<p class=\"has-drop-cap has-headings-color has-text-color\">Ces 3 solutions constituent le p\u00f4le accueil de jour de jean gailhac. Ils proposent au total 78 places.  N\u00e9anmoins, des modalit\u00e9s similaires d\u2019accompagnement pourraient voir le jour sur d&rsquo;autres communes. Ces services se destinent pour des enfants en grande difficult\u00e9 dans le cadre de l\u2019\u00e9cole qui n\u00e9cessitent un accompagnement alternatif de nature \u00e0 \u00e9viter la rupture scolaire.<\/p>\n\n\n\n<div style=\"height:100px\" aria-hidden=\"true\" class=\"wp-block-spacer\"><\/div>\n\n\n\n<div class=\"wp-block-group specific_info_block\"><div class=\"wp-block-group__inner-container is-layout-flow wp-block-group-is-layout-flow\">\n<p class=\"has-headings-color has-text-color\">S\u2019agissant majoritairement de mineurs, nous accordons une <strong>place importante<\/strong> \u00e0 votre <strong>famille<\/strong>, notamment dans l\u2019\u00e9laboration du <span style=\"text-decoration: underline;\">projet d\u2019accompagnement individualis\u00e9<\/span>, chaque fois que cela est possible et selon la nature de la mesure du placement. <\/p>\n\n\n\n<p class=\"has-headings-color has-text-color\">Le ou les parents ont la possibilit\u00e9&nbsp;: <\/p>\n\n\n\n<ul class=\"has-headings-color has-text-color wp-block-list\"><li><ul><li>D\u2019\u00eatre re\u00e7us \u00e0 leur demande&nbsp;;<\/li><\/ul><ul><li>De participer \u00e0 des rencontres avec l\u2019\u00e9quipe pour discuter de votre projet individualis\u00e9&nbsp;;<\/li><li>D\u2019\u00eatre&nbsp;&nbsp;re\u00e7us lors des manifestations institutionnelles&nbsp;;<\/li><li>Seront toujours inform\u00e9s et leur avis sera recherch\u00e9 pour une d\u00e9cision vous concernant.<\/li><\/ul><\/li><\/ul>\n<\/div><\/div>\n\n\n\n<div style=\"height:100px\" aria-hidden=\"true\" class=\"wp-block-spacer\"><\/div>\n\n\n\n<h4 class=\"has-text-align-center wp-block-heading\">Pour plus de pr\u00e9cisions nous vous proposons de lire notre livret d&rsquo;accueil en cliquant <a href=\"https:\/\/gailhac.orgwp-content\/uploads\/2021\/11\/Livret_accueil.pdf\">ici<\/a><\/h4>\n","protected":false},"excerpt":{"rendered":"<p>Ce projet de Services est le fruit d\u2019une r\u00e9flexion des \u00e9quipes du Service Educatif de Jour et de l\u2019ex-Groupe Relais de la Maison d\u2019Enfants. L&rsquo;association &hellip;<\/p>\n","protected":false},"author":1,"featured_media":0,"parent":0,"menu_order":0,"comment_status":"closed","ping_status":"closed","template":"","meta":{"ngg_post_thumbnail":0,"footnotes":""},"class_list":["post-188","page","type-page","status-publish","hentry"],"yoast_head":"<!-- This site is optimized with the Yoast SEO plugin v18.8 - https:\/\/yoast.com\/wordpress\/plugins\/seo\/ -->\n<title>Accueil de jour Jean Gailhac - Association Jean Gailhac<\/title>\n<meta name=\"description\" content=\"Accueil de jour Jean Gailhac est un des services que nous proposons pour accompagner les jeunes et leur famille.\" \/>\n<meta name=\"robots\" content=\"index, follow, max-snippet:-1, max-image-preview:large, max-video-preview:-1\" \/>\n<link rel=\"canonical\" href=\"https:\/\/gailhac.org\/index.php\/accueil-de-jour-jean-gailhac\/\" \/>\n<meta property=\"og:locale\" content=\"fr_FR\" \/>\n<meta property=\"og:type\" content=\"article\" \/>\n<meta property=\"og:title\" content=\"Accueil de jour Jean Gailhac - Association Jean Gailhac\" \/>\n<meta property=\"og:description\" content=\"Accueil de jour Jean Gailhac est un des services que nous proposons pour accompagner les jeunes et leur famille.\" \/>\n<meta property=\"og:url\" content=\"https:\/\/gailhac.org\/index.php\/accueil-de-jour-jean-gailhac\/\" \/>\n<meta property=\"og:site_name\" content=\"Association Jean Gailhac\" \/>\n<meta property=\"article:modified_time\" content=\"2022-01-14T10:24:41+00:00\" \/>\n<meta name=\"twitter:card\" content=\"summary_large_image\" \/>\n<meta name=\"twitter:label1\" content=\"Dur\u00e9e de lecture estim\u00e9e\" \/>\n\t<meta name=\"twitter:data1\" content=\"2 minutes\" \/>\n<script type=\"application\/ld+json\" class=\"yoast-schema-graph\">{\"@context\":\"https:\/\/schema.org\",\"@graph\":[{\"@type\":\"WebSite\",\"@id\":\"https:\/\/gailhac.org\/#website\",\"url\":\"https:\/\/gailhac.org\/\",\"name\":\"Association Jean Gailhac\",\"description\":\"\",\"potentialAction\":[{\"@type\":\"SearchAction\",\"target\":{\"@type\":\"EntryPoint\",\"urlTemplate\":\"https:\/\/gailhac.org\/?s={search_term_string}\"},\"query-input\":\"required name=search_term_string\"}],\"inLanguage\":\"fr-FR\"},{\"@type\":\"WebPage\",\"@id\":\"https:\/\/gailhac.org\/index.php\/accueil-de-jour-jean-gailhac\/#webpage\",\"url\":\"https:\/\/gailhac.org\/index.php\/accueil-de-jour-jean-gailhac\/\",\"name\":\"Accueil de jour Jean Gailhac - Association Jean Gailhac\",\"isPartOf\":{\"@id\":\"https:\/\/gailhac.org\/#website\"},\"datePublished\":\"2021-10-28T14:25:46+00:00\",\"dateModified\":\"2022-01-14T10:24:41+00:00\",\"description\":\"Accueil de jour Jean Gailhac est un des services que nous proposons pour accompagner les jeunes et leur famille.\",\"breadcrumb\":{\"@id\":\"https:\/\/gailhac.org\/index.php\/accueil-de-jour-jean-gailhac\/#breadcrumb\"},\"inLanguage\":\"fr-FR\",\"potentialAction\":[{\"@type\":\"ReadAction\",\"target\":[\"https:\/\/gailhac.org\/index.php\/accueil-de-jour-jean-gailhac\/\"]}]},{\"@type\":\"BreadcrumbList\",\"@id\":\"https:\/\/gailhac.org\/index.php\/accueil-de-jour-jean-gailhac\/#breadcrumb\",\"itemListElement\":[{\"@type\":\"ListItem\",\"position\":1,\"name\":\"Accueil\",\"item\":\"https:\/\/gailhac.org\/\"},{\"@type\":\"ListItem\",\"position\":2,\"name\":\"Accueil de jour\"}]}]}<\/script>\n<!-- \/ Yoast SEO plugin. -->","yoast_head_json":{"title":"Accueil de jour Jean Gailhac - Association Jean Gailhac","description":"Accueil de jour Jean Gailhac est un des services que nous proposons pour accompagner les jeunes et leur famille.","robots":{"index":"index","follow":"follow","max-snippet":"max-snippet:-1","max-image-preview":"max-image-preview:large","max-video-preview":"max-video-preview:-1"},"canonical":"https:\/\/gailhac.org\/index.php\/accueil-de-jour-jean-gailhac\/","og_locale":"fr_FR","og_type":"article","og_title":"Accueil de jour Jean Gailhac - Association Jean Gailhac","og_description":"Accueil de jour Jean Gailhac est un des services que nous proposons pour accompagner les jeunes et leur famille.","og_url":"https:\/\/gailhac.org\/index.php\/accueil-de-jour-jean-gailhac\/","og_site_name":"Association Jean Gailhac","article_modified_time":"2022-01-14T10:24:41+00:00","twitter_card":"summary_large_image","twitter_misc":{"Dur\u00e9e de lecture estim\u00e9e":"2 minutes"},"schema":{"@context":"https:\/\/schema.org","@graph":[{"@type":"WebSite","@id":"https:\/\/gailhac.org\/#website","url":"https:\/\/gailhac.org\/","name":"Association Jean Gailhac","description":"","potentialAction":[{"@type":"SearchAction","target":{"@type":"EntryPoint","urlTemplate":"https:\/\/gailhac.org\/?s={search_term_string}"},"query-input":"required name=search_term_string"}],"inLanguage":"fr-FR"},{"@type":"WebPage","@id":"https:\/\/gailhac.org\/index.php\/accueil-de-jour-jean-gailhac\/#webpage","url":"https:\/\/gailhac.org\/index.php\/accueil-de-jour-jean-gailhac\/","name":"Accueil de jour Jean Gailhac - Association Jean Gailhac","isPartOf":{"@id":"https:\/\/gailhac.org\/#website"},"datePublished":"2021-10-28T14:25:46+00:00","dateModified":"2022-01-14T10:24:41+00:00","description":"Accueil de jour Jean Gailhac est un des services que nous proposons pour accompagner les jeunes et leur famille.","breadcrumb":{"@id":"https:\/\/gailhac.org\/index.php\/accueil-de-jour-jean-gailhac\/#breadcrumb"},"inLanguage":"fr-FR","potentialAction":[{"@type":"ReadAction","target":["https:\/\/gailhac.org\/index.php\/accueil-de-jour-jean-gailhac\/"]}]},{"@type":"BreadcrumbList","@id":"https:\/\/gailhac.org\/index.php\/accueil-de-jour-jean-gailhac\/#breadcrumb","itemListElement":[{"@type":"ListItem","position":1,"name":"Accueil","item":"https:\/\/gailhac.org\/"},{"@type":"ListItem","position":2,"name":"Accueil de jour"}]}]}},"_links":{"self":[{"href":"https:\/\/gailhac.org\/index.php\/wp-json\/wp\/v2\/pages\/188","targetHints":{"allow":["GET"]}}],"collection":[{"href":"https:\/\/gailhac.org\/index.php\/wp-json\/wp\/v2\/pages"}],"about":[{"href":"https:\/\/gailhac.org\/index.php\/wp-json\/wp\/v2\/types\/page"}],"author":[{"embeddable":true,"href":"https:\/\/gailhac.org\/index.php\/wp-json\/wp\/v2\/users\/1"}],"replies":[{"embeddable":true,"href":"https:\/\/gailhac.org\/index.php\/wp-json\/wp\/v2\/comments?post=188"}],"version-history":[{"count":7,"href":"https:\/\/gailhac.org\/index.php\/wp-json\/wp\/v2\/pages\/188\/revisions"}],"predecessor-version":[{"id":1014,"href":"https:\/\/gailhac.org\/index.php\/wp-json\/wp\/v2\/pages\/188\/revisions\/1014"}],"wp:attachment":[{"href":"https:\/\/gailhac.org\/index.php\/wp-json\/wp\/v2\/media?parent=188"}],"curies":[{"name":"wp","href":"https:\/\/api.w.org\/{rel}","templated":true}]}}