{"id":193,"date":"2021-10-28T16:27:21","date_gmt":"2021-10-28T14:27:21","guid":{"rendered":"https:\/\/gailhac.org?page_id=193"},"modified":"2022-01-14T11:26:00","modified_gmt":"2022-01-14T10:26:00","slug":"soutien-a-la-parentalite-visites-mediatisees","status":"publish","type":"page","link":"https:\/\/gailhac.org\/index.php\/soutien-a-la-parentalite-visites-mediatisees\/","title":{"rendered":"Soutien \u00e0 la parentalit\u00e9"},"content":{"rendered":"\n<p class=\"has-drop-cap has-headings-color has-text-color\">Ce projet de service est le fruit d\u2019une r\u00e9flexion commune des \u00e9quipes du service de visites m\u00e9diatis\u00e9es parents\/enfants confi\u00e9s. Mais \u00e9galement Maison d\u2019Enfants \u00e0 Caract\u00e8re Social de l\u2019Association JEAN GAILHAC. C\u2019est avec conviction que nous avons travaill\u00e9 ensemble \u00e0 mutualiser nos savoirs et savoir-faire pour rendre op\u00e9rationnel ce nouveau service.&nbsp;<\/p>\n\n\n\n<div style=\"height:56px\" aria-hidden=\"true\" class=\"wp-block-spacer\"><\/div>\n\n\n\n<h2 class=\"has-large-font-size wp-block-heading\"> Service de Visites M\u00e9diatis\u00e9es Parents Enfants Confi\u00e9s <\/h2>\n\n\n\n<p class=\"has-headings-color has-text-color\">&nbsp;Amen\u00e9s suite \u00e0 la commande faite par les services de la Direction Enfance et Famille du Conseil G\u00e9n\u00e9ral de l\u2019HERAULT. Dans le but de diversifier les modalit\u00e9s d\u2019accueil et d\u2019accompagnement des jeunes confi\u00e9s \u00e0 des assistants familiaux. Nos deux \u00e9quipes se sont appuy\u00e9es sur les comp\u00e9tences rep\u00e9r\u00e9es au niveau du suivi effectu\u00e9 aupr\u00e8s de ces jeunes. Ainsi que de leurs familles naturelles et du partenariat d\u00e9j\u00e0 existant avec les assistants familiaux. Le tout dans le cadre du service de visites m\u00e9diatis\u00e9es.<\/p>\n\n\n\n<div style=\"height:63px\" aria-hidden=\"true\" class=\"wp-block-spacer\"><\/div>\n\n\n\n<div class=\"wp-block-columns is-layout-flex wp-container-core-columns-is-layout-9d6595d7 wp-block-columns-is-layout-flex\">\n<div class=\"wp-block-column is-layout-flow wp-block-column-is-layout-flow\" style=\"flex-basis:100%\">\n<div class=\"wp-block-columns alignwide are-vertically-aligned-center is-layout-flex wp-container-core-columns-is-layout-9d6595d7 wp-block-columns-is-layout-flex\">\n<div class=\"wp-block-column is-layout-flow wp-block-column-is-layout-flow\">\n<div class=\"wp-block-group info_card services secondary_card visites\"><div class=\"wp-block-group__inner-container is-layout-flow wp-block-group-is-layout-flow\">\n<h3 class=\"has-text-align-center wp-block-heading\">SVM <span style=\"text-decoration: underline;\">B\u00e9ziers<\/span><\/h3>\n\n\n\n<p class=\"has-text-align-center has-headings-color has-text-color\">(Service de Visites M\u00e9diatis\u00e9es)<\/p>\n\n\n\n<p class=\"has-text-align-center has-headings-color has-text-color\">Compos\u00e9 de <span style=\"text-decoration: underline;\">15 \u00e0 20 places<\/span> pour 1 ETP<\/p>\n\n\n\n<p class=\"has-text-align-center has-headings-color has-text-color\">Des <strong>rencontres<\/strong> seront programm\u00e9es avec le <strong>jeune <\/strong>et\/ou sa <strong>famille <\/strong>naturelle et\/ou son assistant familial pour <span style=\"text-decoration: underline;\">m\u00e9diatiser leurs relations<\/span>. \u00c0 l&rsquo;aide d&rsquo;un \u00e9ducateur sp\u00e9cialis\u00e9 et\/ou d&rsquo;un psychologue. Un \u00e9tayage de l\u2019assistant familial sera assur\u00e9 par l\u2019<em>\u00e9ducateur sp\u00e9cialis\u00e9<\/em> pour lui permettre de prendre des d\u00e9cisions, d\u2019assumer son autorit\u00e9 et de prendre une bonne distance professionnelle.<\/p>\n\n\n\n<p class=\"has-text-align-center\"><a href=\"https:\/\/gailhac.org\/wp-content\/uploads\/2021\/11\/Projet_service_accompagnement_familial.pdf\"> Lien vers le document projet de service d&rsquo;accompagnement familial  <\/a><\/p>\n<\/div><\/div>\n<\/div>\n\n\n\n<div class=\"wp-block-column is-layout-flow wp-block-column-is-layout-flow\">\n<div class=\"wp-block-group info_card services secondary_card visites\"><div class=\"wp-block-group__inner-container is-layout-flow wp-block-group-is-layout-flow\">\n<h3 class=\"has-text-align-center wp-block-heading\">SVM <span style=\"text-decoration: underline;\">B\u00e9darieux<\/span><\/h3>\n\n\n\n<p class=\"has-text-align-center has-headings-color has-text-color\">(Service de Visites M\u00e9diatis\u00e9es)<\/p>\n\n\n\n<p class=\"has-text-align-center has-headings-color has-text-color\">Compos\u00e9 de <span style=\"text-decoration: underline;\">15 \u00e0 20 places<\/span> pour 0.5 ETP<\/p>\n\n\n\n<p class=\"has-text-align-center has-headings-color has-text-color\">Des <strong>rencontres<\/strong> seront programm\u00e9es avec le <strong>jeune <\/strong>et\/ou sa <strong>famille <\/strong>naturelle et\/ou son assistant familial pour <span style=\"text-decoration: underline;\">m\u00e9diatiser leurs relations<\/span>. \u00c0 l&rsquo;aide d&rsquo;un \u00e9ducateur sp\u00e9cialis\u00e9 et\/ou d&rsquo;un psychologue. Un \u00e9tayage de l\u2019assistant familial sera assur\u00e9 par l\u2019<em>\u00e9ducateur sp\u00e9cialis\u00e9<\/em> pour lui permettre de prendre des d\u00e9cisions, d\u2019assumer son autorit\u00e9 et de prendre une bonne distance professionnelle.<\/p>\n\n\n\n<p class=\"has-text-align-center\"><a href=\"https:\/\/gailhac.org\/wp-content\/uploads\/2021\/11\/Projet_service_accompagnement_familial.pdf\"> Lien vers le document projet de service d&rsquo;accompagnement familial  <\/a><\/p>\n<\/div><\/div>\n<\/div>\n<\/div>\n<\/div>\n<\/div>\n\n\n\n<div style=\"height:100px\" aria-hidden=\"true\" class=\"wp-block-spacer\"><\/div>\n\n\n\n<p class=\"has-drop-cap has-headings-color has-text-color\">Le Service r\u00e9pond \u00e0 des missions de protection relevant du service de l\u2019Aide Sociale \u00e0 l\u2019Enfance pour des jeunes gar\u00e7ons et filles de 0 \u00e0 21 ans en \u00ab&nbsp;<em>apportant un soutien mat\u00e9riel, \u00e9ducatif, psychologique aux mineurs, \u00e0 leurs familles (\u2026) confront\u00e9s \u00e0 des difficult\u00e9s sociales susceptibles de compromettre leur \u00e9quilibre.<\/em>&nbsp;\u00bb.  Au sens du premier alin\u00e9a de l\u2019article L. 312-1 du CASF, le Service d\u2019Accompagnement Familial (SAF) est un service social de l\u2019Association prenant en charge habituellement des mineurs relevant des articles L. 221-1, L. 222-3 et L. 222-5 du CASF.&nbsp;<\/p>\n\n\n\n<div style=\"height:100px\" aria-hidden=\"true\" class=\"wp-block-spacer\"><\/div>\n\n\n\n<div class=\"wp-block-group specific_info_block\"><div class=\"wp-block-group__inner-container is-layout-flow wp-block-group-is-layout-flow\">\n<p class=\"has-headings-color has-text-color\">Le SAF accompagnera des jeunes en difficult\u00e9 quotidiennement dans le cadre du lieu de placement que repr\u00e9sente le domicile de l\u2019assistant familial. En ce sens, il s\u2019adressera particuli\u00e8rement aux jeunes pr\u00e9sentant des troubles du comportement, des perturbations d\u2019ordre psychologique ou psychosomatique et\/ou des troubles des capacit\u00e9s cognitives :<\/p>\n\n\n\n<ul class=\"has-headings-color has-text-color wp-block-list\"><li><ul><li>de fa\u00e7on r\u00e9actionnelle \u00e0 ce type de placement&nbsp;;<\/li><\/ul><ul><li>en raisons de circonstances diverses (\u00e9v\u00e9nements de vie, placement n\u2019ayant pu \u00eatre pr\u00e9par\u00e9, parents intrusifs\/perturb\u00e9s\u2026)<\/li><\/ul><\/li><\/ul>\n<\/div><\/div>\n\n\n\n<p><em>Le SAF ne pourra r\u00e9pondre aux probl\u00e9matiques lourdes du type <\/em>:<\/p>\n\n\n\n<ul class=\"wp-block-list\"><li><em>Troubles graves de l\u2019organisation de la personnalit\u00e9 et de la communication <\/em><\/li><li><em>Conduites antisociales av\u00e9r\u00e9es de type d\u00e9linquantes.<\/em><\/li><\/ul>\n\n\n\n<div style=\"height:100px\" aria-hidden=\"true\" class=\"wp-block-spacer\"><\/div>\n\n\n\n<h4 class=\"has-text-align-center wp-block-heading\">Pour plus de pr\u00e9cisions nous vous proposons de lire notre livret d&rsquo;accueil en cliquant <a href=\"https:\/\/gailhac.orgwp-content\/uploads\/2021\/11\/Livret_accueil.pdf\">ici<\/a><\/h4>\n","protected":false},"excerpt":{"rendered":"<p>Ce projet de service est le fruit d\u2019une r\u00e9flexion commune des \u00e9quipes du service de visites m\u00e9diatis\u00e9es parents\/enfants confi\u00e9s. Mais \u00e9galement Maison d\u2019Enfants \u00e0 Caract\u00e8re &hellip;<\/p>\n","protected":false},"author":1,"featured_media":0,"parent":0,"menu_order":0,"comment_status":"closed","ping_status":"closed","template":"","meta":{"ngg_post_thumbnail":0,"footnotes":""},"class_list":["post-193","page","type-page","status-publish","hentry"],"yoast_head":"<!-- This site is optimized with the Yoast SEO plugin v18.8 - https:\/\/yoast.com\/wordpress\/plugins\/seo\/ -->\n<title>Visites M\u00e9diatis\u00e9es \/Soutien \u00e0 la parentalit\u00e9 - Association Jean Gailhac<\/title>\n<meta name=\"description\" content=\"Notre association propose un service de soutien \u00e0 la parentalit\u00e9 gr\u00e2ce \u00e0 des visites m\u00e9diatis\u00e9es, dans le but de conserver le lien familial.\" \/>\n<meta name=\"robots\" content=\"index, follow, max-snippet:-1, max-image-preview:large, max-video-preview:-1\" \/>\n<link rel=\"canonical\" href=\"https:\/\/gailhac.org\/index.php\/soutien-a-la-parentalite-visites-mediatisees\/\" \/>\n<meta property=\"og:locale\" content=\"fr_FR\" \/>\n<meta property=\"og:type\" content=\"article\" \/>\n<meta property=\"og:title\" content=\"Visites M\u00e9diatis\u00e9es \/Soutien \u00e0 la parentalit\u00e9 - Association Jean Gailhac\" \/>\n<meta property=\"og:description\" content=\"Notre association propose un service de soutien \u00e0 la parentalit\u00e9 gr\u00e2ce \u00e0 des visites m\u00e9diatis\u00e9es, dans le but de conserver le lien familial.\" \/>\n<meta property=\"og:url\" content=\"https:\/\/gailhac.org\/index.php\/soutien-a-la-parentalite-visites-mediatisees\/\" \/>\n<meta property=\"og:site_name\" content=\"Association Jean Gailhac\" \/>\n<meta property=\"article:modified_time\" content=\"2022-01-14T10:26:00+00:00\" \/>\n<meta name=\"twitter:card\" content=\"summary_large_image\" \/>\n<meta name=\"twitter:label1\" content=\"Dur\u00e9e de lecture estim\u00e9e\" \/>\n\t<meta name=\"twitter:data1\" content=\"2 minutes\" \/>\n<script type=\"application\/ld+json\" class=\"yoast-schema-graph\">{\"@context\":\"https:\/\/schema.org\",\"@graph\":[{\"@type\":\"WebSite\",\"@id\":\"https:\/\/gailhac.org\/#website\",\"url\":\"https:\/\/gailhac.org\/\",\"name\":\"Association Jean Gailhac\",\"description\":\"\",\"potentialAction\":[{\"@type\":\"SearchAction\",\"target\":{\"@type\":\"EntryPoint\",\"urlTemplate\":\"https:\/\/gailhac.org\/?s={search_term_string}\"},\"query-input\":\"required name=search_term_string\"}],\"inLanguage\":\"fr-FR\"},{\"@type\":\"WebPage\",\"@id\":\"https:\/\/gailhac.org\/index.php\/soutien-a-la-parentalite-visites-mediatisees\/#webpage\",\"url\":\"https:\/\/gailhac.org\/index.php\/soutien-a-la-parentalite-visites-mediatisees\/\",\"name\":\"Visites M\u00e9diatis\u00e9es \/Soutien \u00e0 la parentalit\u00e9 - Association Jean Gailhac\",\"isPartOf\":{\"@id\":\"https:\/\/gailhac.org\/#website\"},\"datePublished\":\"2021-10-28T14:27:21+00:00\",\"dateModified\":\"2022-01-14T10:26:00+00:00\",\"description\":\"Notre association propose un service de soutien \u00e0 la parentalit\u00e9 gr\u00e2ce \u00e0 des visites m\u00e9diatis\u00e9es, dans le but de conserver le lien familial.\",\"breadcrumb\":{\"@id\":\"https:\/\/gailhac.org\/index.php\/soutien-a-la-parentalite-visites-mediatisees\/#breadcrumb\"},\"inLanguage\":\"fr-FR\",\"potentialAction\":[{\"@type\":\"ReadAction\",\"target\":[\"https:\/\/gailhac.org\/index.php\/soutien-a-la-parentalite-visites-mediatisees\/\"]}]},{\"@type\":\"BreadcrumbList\",\"@id\":\"https:\/\/gailhac.org\/index.php\/soutien-a-la-parentalite-visites-mediatisees\/#breadcrumb\",\"itemListElement\":[{\"@type\":\"ListItem\",\"position\":1,\"name\":\"Accueil\",\"item\":\"https:\/\/gailhac.org\/\"},{\"@type\":\"ListItem\",\"position\":2,\"name\":\"Soutien \u00e0 la parentalit\u00e9\"}]}]}<\/script>\n<!-- \/ Yoast SEO plugin. -->","yoast_head_json":{"title":"Visites M\u00e9diatis\u00e9es \/Soutien \u00e0 la parentalit\u00e9 - Association Jean Gailhac","description":"Notre association propose un service de soutien \u00e0 la parentalit\u00e9 gr\u00e2ce \u00e0 des visites m\u00e9diatis\u00e9es, dans le but de conserver le lien familial.","robots":{"index":"index","follow":"follow","max-snippet":"max-snippet:-1","max-image-preview":"max-image-preview:large","max-video-preview":"max-video-preview:-1"},"canonical":"https:\/\/gailhac.org\/index.php\/soutien-a-la-parentalite-visites-mediatisees\/","og_locale":"fr_FR","og_type":"article","og_title":"Visites M\u00e9diatis\u00e9es \/Soutien \u00e0 la parentalit\u00e9 - Association Jean Gailhac","og_description":"Notre association propose un service de soutien \u00e0 la parentalit\u00e9 gr\u00e2ce \u00e0 des visites m\u00e9diatis\u00e9es, dans le but de conserver le lien familial.","og_url":"https:\/\/gailhac.org\/index.php\/soutien-a-la-parentalite-visites-mediatisees\/","og_site_name":"Association Jean Gailhac","article_modified_time":"2022-01-14T10:26:00+00:00","twitter_card":"summary_large_image","twitter_misc":{"Dur\u00e9e de lecture estim\u00e9e":"2 minutes"},"schema":{"@context":"https:\/\/schema.org","@graph":[{"@type":"WebSite","@id":"https:\/\/gailhac.org\/#website","url":"https:\/\/gailhac.org\/","name":"Association Jean Gailhac","description":"","potentialAction":[{"@type":"SearchAction","target":{"@type":"EntryPoint","urlTemplate":"https:\/\/gailhac.org\/?s={search_term_string}"},"query-input":"required name=search_term_string"}],"inLanguage":"fr-FR"},{"@type":"WebPage","@id":"https:\/\/gailhac.org\/index.php\/soutien-a-la-parentalite-visites-mediatisees\/#webpage","url":"https:\/\/gailhac.org\/index.php\/soutien-a-la-parentalite-visites-mediatisees\/","name":"Visites M\u00e9diatis\u00e9es \/Soutien \u00e0 la parentalit\u00e9 - Association Jean Gailhac","isPartOf":{"@id":"https:\/\/gailhac.org\/#website"},"datePublished":"2021-10-28T14:27:21+00:00","dateModified":"2022-01-14T10:26:00+00:00","description":"Notre association propose un service de soutien \u00e0 la parentalit\u00e9 gr\u00e2ce \u00e0 des visites m\u00e9diatis\u00e9es, dans le but de conserver le lien familial.","breadcrumb":{"@id":"https:\/\/gailhac.org\/index.php\/soutien-a-la-parentalite-visites-mediatisees\/#breadcrumb"},"inLanguage":"fr-FR","potentialAction":[{"@type":"ReadAction","target":["https:\/\/gailhac.org\/index.php\/soutien-a-la-parentalite-visites-mediatisees\/"]}]},{"@type":"BreadcrumbList","@id":"https:\/\/gailhac.org\/index.php\/soutien-a-la-parentalite-visites-mediatisees\/#breadcrumb","itemListElement":[{"@type":"ListItem","position":1,"name":"Accueil","item":"https:\/\/gailhac.org\/"},{"@type":"ListItem","position":2,"name":"Soutien \u00e0 la parentalit\u00e9"}]}]}},"_links":{"self":[{"href":"https:\/\/gailhac.org\/index.php\/wp-json\/wp\/v2\/pages\/193","targetHints":{"allow":["GET"]}}],"collection":[{"href":"https:\/\/gailhac.org\/index.php\/wp-json\/wp\/v2\/pages"}],"about":[{"href":"https:\/\/gailhac.org\/index.php\/wp-json\/wp\/v2\/types\/page"}],"author":[{"embeddable":true,"href":"https:\/\/gailhac.org\/index.php\/wp-json\/wp\/v2\/users\/1"}],"replies":[{"embeddable":true,"href":"https:\/\/gailhac.org\/index.php\/wp-json\/wp\/v2\/comments?post=193"}],"version-history":[{"count":17,"href":"https:\/\/gailhac.org\/index.php\/wp-json\/wp\/v2\/pages\/193\/revisions"}],"predecessor-version":[{"id":902,"href":"https:\/\/gailhac.org\/index.php\/wp-json\/wp\/v2\/pages\/193\/revisions\/902"}],"wp:attachment":[{"href":"https:\/\/gailhac.org\/index.php\/wp-json\/wp\/v2\/media?parent=193"}],"curies":[{"name":"wp","href":"https:\/\/api.w.org\/{rel}","templated":true}]}}