{"id":748,"date":"2021-12-02T10:34:21","date_gmt":"2021-12-02T09:34:21","guid":{"rendered":"https:\/\/gailhac.org?page_id=748"},"modified":"2022-01-13T11:13:53","modified_gmt":"2022-01-13T10:13:53","slug":"valeurs-et-engagements","status":"publish","type":"page","link":"https:\/\/gailhac.org\/index.php\/valeurs-et-engagements\/","title":{"rendered":"Valeurs et engagements"},"content":{"rendered":"\n<p class=\"has-drop-cap has-headings-color has-text-color\">L&rsquo;association a d\u00e9clin\u00e9 un ensemble de <strong>valeurs<\/strong> pr\u00e9sentes dans un <strong>projet associatif<\/strong> et g\u00e8re l&rsquo;ensemble de ses \u00e9tablissements et services. L&rsquo;association gestionnaire, comme les \u00e9tablissements et services, adh\u00e8rent aux <span style=\"text-decoration: underline;\">valeurs et aux principes qui r\u00e9gissent notre secteur d&rsquo;activit\u00e9<\/span> et notamment \u00e0 celles figurant dans la <strong>Convention Internationale des Droits de l&rsquo;Enfant<\/strong> et la loi du 2 janvier 2002, cette derni\u00e8re mettant l&rsquo;accent sur les droits inali\u00e9nables de l&rsquo;usager, <em>sans aucune forme de discrimination. <\/em><\/p>\n\n\n\n<div style=\"height:57px\" aria-hidden=\"true\" class=\"wp-block-spacer\"><\/div>\n\n\n\n<div class=\"wp-block-columns are-vertically-aligned-center is-layout-flex wp-container-core-columns-is-layout-9d6595d7 wp-block-columns-is-layout-flex\">\n<div class=\"wp-block-column is-vertically-aligned-center is-layout-flow wp-block-column-is-layout-flow\">\n<h2 class=\"has-text-align-center valeurs wp-block-heading\">Neutralit\u00e9<\/h2>\n<\/div>\n\n\n\n<div class=\"wp-block-column is-vertically-aligned-center is-layout-flow wp-block-column-is-layout-flow\">\n<h2 class=\"has-text-align-center valeurs wp-block-heading\">Protection<\/h2>\n<\/div>\n\n\n\n<div class=\"wp-block-column is-vertically-aligned-center is-layout-flow wp-block-column-is-layout-flow\">\n<h2 class=\"has-text-align-center valeurs wp-block-heading\">\u00c9galit\u00e9<\/h2>\n<\/div>\n<\/div>\n\n\n\n<div style=\"height:59px\" aria-hidden=\"true\" class=\"wp-block-spacer\"><\/div>\n\n\n\n<p class=\"has-headings-color has-text-color\"><strong>Tous les professionnels<\/strong> sont <span style=\"text-decoration: underline;\">sensibilis\u00e9s <\/span>au respect de ces droits et leurs pratiques sont conformes \u00e0 la d\u00e9ontologie de notre secteur d&rsquo;intervention. Notre cadre d&rsquo;intervention se situe <strong>exclusivement <\/strong>dans la <strong>protection de l&rsquo;enfance<\/strong>(pr\u00e9vention et protection) en lien avec la <span style=\"text-decoration: underline;\">Direction et Famille du Conseil G\u00e9n\u00e9ral de l&rsquo;H\u00e9rault.<\/span><\/p>\n\n\n\n<div style=\"height:59px\" aria-hidden=\"true\" class=\"wp-block-spacer\"><\/div>\n\n\n\n<h2 class=\"wp-block-heading\">L<span style=\"text-decoration: underline;\">e mot de la directio<\/span>n <\/h2>\n\n\n\n<blockquote class=\"wp-block-quote is-layout-flow wp-block-quote-is-layout-flow\"><p>Jean Gailhac est une structure polyvalente proposant de nombreuses solutions sur des sites r\u00e9partis dans l&rsquo;H\u00e9rault. Pour autant c&rsquo;est le m\u00eame objectif qui motive chacun de nos membres\u00a0: aider et accompagner les jeunes dans leur \u00e9volution<\/p><cite>Directrice des \u00e9tablissements et services<\/cite><\/blockquote>\n","protected":false},"excerpt":{"rendered":"<p>L&rsquo;association a d\u00e9clin\u00e9 un ensemble de valeurs pr\u00e9sentes dans un projet associatif et g\u00e8re l&rsquo;ensemble de ses \u00e9tablissements et services. L&rsquo;association gestionnaire, comme les \u00e9tablissements &hellip;<\/p>\n","protected":false},"author":1,"featured_media":0,"parent":0,"menu_order":0,"comment_status":"closed","ping_status":"closed","template":"","meta":{"ngg_post_thumbnail":0,"footnotes":""},"class_list":["post-748","page","type-page","status-publish","hentry"],"yoast_head":"<!-- This site is optimized with the Yoast SEO plugin v18.8 - https:\/\/yoast.com\/wordpress\/plugins\/seo\/ -->\n<title>Valeurs et engagements - Association Jean Gailhac<\/title>\n<meta name=\"description\" content=\"Retrouvez sur cette page nos engagements ainsi que les valeurs que nous suivons pour l&#039;accueil au sein de notre structure.\" \/>\n<meta name=\"robots\" content=\"index, follow, max-snippet:-1, max-image-preview:large, max-video-preview:-1\" \/>\n<link rel=\"canonical\" href=\"https:\/\/gailhac.org\/index.php\/valeurs-et-engagements\/\" \/>\n<meta property=\"og:locale\" content=\"fr_FR\" \/>\n<meta property=\"og:type\" content=\"article\" \/>\n<meta property=\"og:title\" content=\"Valeurs et engagements - Association Jean Gailhac\" \/>\n<meta property=\"og:description\" content=\"Retrouvez sur cette page nos engagements ainsi que les valeurs que nous suivons pour l&#039;accueil au sein de notre structure.\" \/>\n<meta property=\"og:url\" content=\"https:\/\/gailhac.org\/index.php\/valeurs-et-engagements\/\" \/>\n<meta property=\"og:site_name\" content=\"Association Jean Gailhac\" \/>\n<meta property=\"article:modified_time\" content=\"2022-01-13T10:13:53+00:00\" \/>\n<meta name=\"twitter:card\" content=\"summary_large_image\" \/>\n<meta name=\"twitter:label1\" content=\"Dur\u00e9e de lecture estim\u00e9e\" \/>\n\t<meta name=\"twitter:data1\" content=\"1 minute\" \/>\n<script type=\"application\/ld+json\" class=\"yoast-schema-graph\">{\"@context\":\"https:\/\/schema.org\",\"@graph\":[{\"@type\":\"WebSite\",\"@id\":\"https:\/\/gailhac.org\/#website\",\"url\":\"https:\/\/gailhac.org\/\",\"name\":\"Association Jean Gailhac\",\"description\":\"\",\"potentialAction\":[{\"@type\":\"SearchAction\",\"target\":{\"@type\":\"EntryPoint\",\"urlTemplate\":\"https:\/\/gailhac.org\/?s={search_term_string}\"},\"query-input\":\"required name=search_term_string\"}],\"inLanguage\":\"fr-FR\"},{\"@type\":\"WebPage\",\"@id\":\"https:\/\/gailhac.org\/index.php\/valeurs-et-engagements\/#webpage\",\"url\":\"https:\/\/gailhac.org\/index.php\/valeurs-et-engagements\/\",\"name\":\"Valeurs et engagements - Association Jean Gailhac\",\"isPartOf\":{\"@id\":\"https:\/\/gailhac.org\/#website\"},\"datePublished\":\"2021-12-02T09:34:21+00:00\",\"dateModified\":\"2022-01-13T10:13:53+00:00\",\"description\":\"Retrouvez sur cette page nos engagements ainsi que les valeurs que nous suivons pour l'accueil au sein de notre structure.\",\"breadcrumb\":{\"@id\":\"https:\/\/gailhac.org\/index.php\/valeurs-et-engagements\/#breadcrumb\"},\"inLanguage\":\"fr-FR\",\"potentialAction\":[{\"@type\":\"ReadAction\",\"target\":[\"https:\/\/gailhac.org\/index.php\/valeurs-et-engagements\/\"]}]},{\"@type\":\"BreadcrumbList\",\"@id\":\"https:\/\/gailhac.org\/index.php\/valeurs-et-engagements\/#breadcrumb\",\"itemListElement\":[{\"@type\":\"ListItem\",\"position\":1,\"name\":\"Accueil\",\"item\":\"https:\/\/gailhac.org\/\"},{\"@type\":\"ListItem\",\"position\":2,\"name\":\"Valeurs et engagements\"}]}]}<\/script>\n<!-- \/ Yoast SEO plugin. -->","yoast_head_json":{"title":"Valeurs et engagements - Association Jean Gailhac","description":"Retrouvez sur cette page nos engagements ainsi que les valeurs que nous suivons pour l'accueil au sein de notre structure.","robots":{"index":"index","follow":"follow","max-snippet":"max-snippet:-1","max-image-preview":"max-image-preview:large","max-video-preview":"max-video-preview:-1"},"canonical":"https:\/\/gailhac.org\/index.php\/valeurs-et-engagements\/","og_locale":"fr_FR","og_type":"article","og_title":"Valeurs et engagements - Association Jean Gailhac","og_description":"Retrouvez sur cette page nos engagements ainsi que les valeurs que nous suivons pour l'accueil au sein de notre structure.","og_url":"https:\/\/gailhac.org\/index.php\/valeurs-et-engagements\/","og_site_name":"Association Jean Gailhac","article_modified_time":"2022-01-13T10:13:53+00:00","twitter_card":"summary_large_image","twitter_misc":{"Dur\u00e9e de lecture estim\u00e9e":"1 minute"},"schema":{"@context":"https:\/\/schema.org","@graph":[{"@type":"WebSite","@id":"https:\/\/gailhac.org\/#website","url":"https:\/\/gailhac.org\/","name":"Association Jean Gailhac","description":"","potentialAction":[{"@type":"SearchAction","target":{"@type":"EntryPoint","urlTemplate":"https:\/\/gailhac.org\/?s={search_term_string}"},"query-input":"required name=search_term_string"}],"inLanguage":"fr-FR"},{"@type":"WebPage","@id":"https:\/\/gailhac.org\/index.php\/valeurs-et-engagements\/#webpage","url":"https:\/\/gailhac.org\/index.php\/valeurs-et-engagements\/","name":"Valeurs et engagements - Association Jean Gailhac","isPartOf":{"@id":"https:\/\/gailhac.org\/#website"},"datePublished":"2021-12-02T09:34:21+00:00","dateModified":"2022-01-13T10:13:53+00:00","description":"Retrouvez sur cette page nos engagements ainsi que les valeurs que nous suivons pour l'accueil au sein de notre structure.","breadcrumb":{"@id":"https:\/\/gailhac.org\/index.php\/valeurs-et-engagements\/#breadcrumb"},"inLanguage":"fr-FR","potentialAction":[{"@type":"ReadAction","target":["https:\/\/gailhac.org\/index.php\/valeurs-et-engagements\/"]}]},{"@type":"BreadcrumbList","@id":"https:\/\/gailhac.org\/index.php\/valeurs-et-engagements\/#breadcrumb","itemListElement":[{"@type":"ListItem","position":1,"name":"Accueil","item":"https:\/\/gailhac.org\/"},{"@type":"ListItem","position":2,"name":"Valeurs et engagements"}]}]}},"_links":{"self":[{"href":"https:\/\/gailhac.org\/index.php\/wp-json\/wp\/v2\/pages\/748","targetHints":{"allow":["GET"]}}],"collection":[{"href":"https:\/\/gailhac.org\/index.php\/wp-json\/wp\/v2\/pages"}],"about":[{"href":"https:\/\/gailhac.org\/index.php\/wp-json\/wp\/v2\/types\/page"}],"author":[{"embeddable":true,"href":"https:\/\/gailhac.org\/index.php\/wp-json\/wp\/v2\/users\/1"}],"replies":[{"embeddable":true,"href":"https:\/\/gailhac.org\/index.php\/wp-json\/wp\/v2\/comments?post=748"}],"version-history":[{"count":12,"href":"https:\/\/gailhac.org\/index.php\/wp-json\/wp\/v2\/pages\/748\/revisions"}],"predecessor-version":[{"id":997,"href":"https:\/\/gailhac.org\/index.php\/wp-json\/wp\/v2\/pages\/748\/revisions\/997"}],"wp:attachment":[{"href":"https:\/\/gailhac.org\/index.php\/wp-json\/wp\/v2\/media?parent=748"}],"curies":[{"name":"wp","href":"https:\/\/api.w.org\/{rel}","templated":true}]}}